{"id":258,"date":"2022-04-30T20:01:14","date_gmt":"2022-04-30T20:01:14","guid":{"rendered":"https:\/\/dkmtwine.com\/?page_id=258"},"modified":"2023-10-15T16:28:35","modified_gmt":"2023-10-15T14:28:35","slug":"%d0%be%d0%b4%d0%bd%d0%be%d1%81","status":"publish","type":"page","link":"https:\/\/dkmtwine.com\/sr\/%d0%be%d0%b4%d0%bd%d0%be%d1%81\/","title":{"rendered":"\u041b\u0438\u043d\u043a"},"content":{"rendered":"<div data-elementor-type=\"wp-page\" data-elementor-id=\"258\" class=\"elementor elementor-258\" data-elementor-post-type=\"page\">\n\t\t\t\t\t\t<section class=\"elementor-section elementor-top-section elementor-element elementor-element-6d677d8 elementor-section-height-min-height elementor-section-boxed elementor-section-height-default elementor-section-items-middle\" data-id=\"6d677d8\" data-element_type=\"section\" data-settings=\"{&quot;background_background&quot;:&quot;classic&quot;}\">\n\t\t\t\t\t\t<div class=\"elementor-container elementor-column-gap-default\">\n\t\t\t\t\t<div class=\"elementor-column elementor-col-100 elementor-top-column elementor-element elementor-element-0651096\" data-id=\"0651096\" data-element_type=\"column\" data-settings=\"{&quot;background_background&quot;:&quot;classic&quot;}\">\n\t\t\t<div class=\"elementor-widget-wrap elementor-element-populated\">\n\t\t\t\t\t<div class=\"elementor-background-overlay\"><\/div>\n\t\t\t\t\t\t<div class=\"elementor-element elementor-element-d7c5b2b elementor-widget elementor-widget-heading\" data-id=\"d7c5b2b\" data-element_type=\"widget\" data-settings=\"{&quot;ekit_we_effect_on&quot;:&quot;none&quot;}\" data-widget_type=\"heading.default\">\n\t\t\t\t<div class=\"elementor-widget-container\">\n\t\t\t\t\t<h2 class=\"elementor-heading-title elementor-size-default\">\u041b\u0438\u043d\u043a<\/h2>\t\t\t\t<\/div>\n\t\t\t\t<\/div>\n\t\t\t\t\t<\/div>\n\t\t<\/div>\n\t\t\t\t\t<\/div>\n\t\t<\/section>\n\t\t\t\t<section class=\"elementor-section elementor-top-section elementor-element elementor-element-281de2a elementor-section-boxed elementor-section-height-default elementor-section-height-default\" data-id=\"281de2a\" data-element_type=\"section\">\n\t\t\t\t\t\t<div class=\"elementor-container elementor-column-gap-default\">\n\t\t\t\t\t<div class=\"elementor-column elementor-col-25 elementor-top-column elementor-element elementor-element-1633c3a\" data-id=\"1633c3a\" data-element_type=\"column\">\n\t\t\t<div class=\"elementor-widget-wrap\">\n\t\t\t\t\t\t\t<\/div>\n\t\t<\/div>\n\t\t\t\t<div class=\"elementor-column elementor-col-50 elementor-top-column elementor-element elementor-element-47087de\" data-id=\"47087de\" data-element_type=\"column\">\n\t\t\t<div class=\"elementor-widget-wrap elementor-element-populated\">\n\t\t\t\t\t\t<div class=\"elementor-element elementor-element-5a534d5 elementor-widget elementor-widget-text-editor\" data-id=\"5a534d5\" data-element_type=\"widget\" data-settings=\"{&quot;ekit_we_effect_on&quot;:&quot;none&quot;}\" data-widget_type=\"text-editor.default\">\n\t\t\t\t<div class=\"elementor-widget-container\">\n\t\t\t\t\t\t\t\t\t<h2 style=\"text-align: center;\">\u041f\u041e\u0428\u0422\u041e\u0412\u0410\u041d\u0418 \u041f\u041e\u0421\u0415\u0422\u0418\u041e\u0427\u0415!<\/h2>\n<p><\/p>\n<p style=\"text-align: center;\">\n<\/p><p style=\"text-align: center;\">\u0416\u0435\u043b\u0438\u0442\u0435 \u043e\u043f\u0448\u0442\u0435 \u0438\u043d\u0444\u043e\u0440\u043c\u0430\u0446\u0438\u0458\u0435? \u0418\u043c\u0430\u0442\u0435 \u043b\u0438 \u0441\u0458\u0430\u0458\u043d\u0443 \u0438\u0434\u0435\u0458\u0443 \u0438\u043b\u0438 \u043a\u043e\u043c\u0435\u043d\u0442\u0430\u0440?<\/p>\n<p style=\"text-align: center;\">A lenti email c\u00edmen \u00f6r\u00f6mmel v\u00e1rjuk \u00e9szrev\u00e9teleit, tov\u00e1bb\u00e1&nbsp;<\/p><p style=\"text-align: center;\"><span style=\"color: var( --e-global-color-text );\">csapatunk szint\u00e9n v\u00e1rja a relev\u00e1ns esm\u00e9nyeket, programaj\u00e1nl\u00f3kat!<\/span><\/p>\n<p style=\"text-align: center;\">\n<\/p><p style=\"text-align: center;\"><strong>\u0421 \u043f\u043e\u0448\u0442\u043e\u0432\u0430\u045a\u0435\u043c, \u0442\u0438\u043c \u043f\u0440\u043e\u0458\u0435\u043a\u0442\u0430 \u0414\u041a\u041c\u0422 \u0412\u0430\u0458\u043d (DKMT Wine)<\/strong><\/p>\n<p><\/p>\t\t\t\t\t\t\t\t<\/div>\n\t\t\t\t<\/div>\n\t\t\t\t<div class=\"elementor-element elementor-element-dcdd98d elementor-widget elementor-widget-text-editor\" data-id=\"dcdd98d\" data-element_type=\"widget\" data-settings=\"{&quot;ekit_we_effect_on&quot;:&quot;none&quot;}\" data-widget_type=\"text-editor.default\">\n\t\t\t\t<div class=\"elementor-widget-container\">\n\t\t\t\t\t\t\t\t\t<p style=\"text-align: center;\"><span style=\"font-weight: 400;\">DKMT Nonprofit K\u00f6zhaszn\u00fa Kft., 6722 Szeged, T\u00e1bor u. 7\/b., email: <\/span><a href=\"mailto:office@dkmt.net\"><span style=\"font-weight: 400;\">\u043e\u0444\u0444\u0438\u0446\u0435@\u0434\u043a\u043c\u0442.\u043d\u0435\u0442<\/span><\/a><\/p>\t\t\t\t\t\t\t\t<\/div>\n\t\t\t\t<\/div>\n\t\t\t\t\t<\/div>\n\t\t<\/div>\n\t\t\t\t<div class=\"elementor-column elementor-col-25 elementor-top-column elementor-element elementor-element-e36561b\" data-id=\"e36561b\" data-element_type=\"column\">\n\t\t\t<div class=\"elementor-widget-wrap\">\n\t\t\t\t\t\t\t<\/div>\n\t\t<\/div>\n\t\t\t\t\t<\/div>\n\t\t<\/section>\n\t\t\t\t<section class=\"elementor-section elementor-top-section elementor-element elementor-element-ccb84a4 elementor-section-boxed elementor-section-height-default elementor-section-height-default\" data-id=\"ccb84a4\" data-element_type=\"section\">\n\t\t\t\t\t\t<div class=\"elementor-container elementor-column-gap-default\">\n\t\t\t\t\t<div class=\"elementor-column elementor-col-100 elementor-top-column elementor-element elementor-element-ed8b18f\" data-id=\"ed8b18f\" data-element_type=\"column\">\n\t\t\t<div class=\"elementor-widget-wrap elementor-element-populated\">\n\t\t\t\t\t\t<div class=\"elementor-element elementor-element-e64a46b elementor-widget elementor-widget-image\" data-id=\"e64a46b\" data-element_type=\"widget\" data-settings=\"{&quot;ekit_we_effect_on&quot;:&quot;none&quot;}\" data-widget_type=\"image.default\">\n\t\t\t\t<div class=\"elementor-widget-container\">\n\t\t\t\t\t\t\t\t\t\t\t\t\t\t\t<img fetchpriority=\"high\" decoding=\"async\" width=\"800\" height=\"719\" src=\"https:\/\/dkmtwine.com\/wp-content\/uploads\/2022\/05\/Map-Programme-Area-1024x920.png\" class=\"attachment-large size-large wp-image-2247\" alt=\"\" srcset=\"https:\/\/dkmtwine.com\/wp-content\/uploads\/2022\/05\/Map-Programme-Area-1024x920.png 1024w, https:\/\/dkmtwine.com\/wp-content\/uploads\/2022\/05\/Map-Programme-Area-300x270.png 300w, https:\/\/dkmtwine.com\/wp-content\/uploads\/2022\/05\/Map-Programme-Area-768x690.png 768w, https:\/\/dkmtwine.com\/wp-content\/uploads\/2022\/05\/Map-Programme-Area-1536x1380.png 1536w, https:\/\/dkmtwine.com\/wp-content\/uploads\/2022\/05\/Map-Programme-Area.png 1748w\" sizes=\"(max-width: 800px) 100vw, 800px\" \/>\t\t\t\t\t\t\t\t\t\t\t\t\t\t\t<\/div>\n\t\t\t\t<\/div>\n\t\t\t\t\t<\/div>\n\t\t<\/div>\n\t\t\t\t\t<\/div>\n\t\t<\/section>\n\t\t\t\t<\/div>","protected":false},"excerpt":{"rendered":"<p> [\u2026]<\/p>","protected":false},"author":1,"featured_media":0,"parent":0,"menu_order":0,"comment_status":"closed","ping_status":"closed","template":"elementor_header_footer","meta":{"footnotes":"","_links_to":"","_links_to_target":""},"class_list":["post-258","page","type-page","status-publish","hentry"],"yoast_head":"<!-- This site is optimized with the Yoast SEO Premium plugin v26.5 (Yoast SEO v26.6) - https:\/\/yoast.com\/wordpress\/plugins\/seo\/ -->\n<title>Kapcsolat - DKMT Wine<\/title>\n<meta name=\"robots\" content=\"index, follow, max-snippet:-1, max-image-preview:large, max-video-preview:-1\" \/>\n<link rel=\"canonical\" href=\"https:\/\/dkmtwine.com\/sr\/\u043e\u0434\u043d\u043e\u0441\/\" \/>\n<meta property=\"og:locale\" content=\"sr_RS\" \/>\n<meta property=\"og:type\" content=\"article\" \/>\n<meta property=\"og:title\" content=\"Kapcsolat\" \/>\n<meta property=\"og:description\" content=\"[&hellip;]\" \/>\n<meta property=\"og:url\" content=\"https:\/\/dkmtwine.com\/sr\/\u043e\u0434\u043d\u043e\u0441\/\" \/>\n<meta property=\"og:site_name\" content=\"DKMT Wine\" \/>\n<meta property=\"article:modified_time\" content=\"2023-10-15T14:28:35+00:00\" \/>\n<meta property=\"og:image\" content=\"https:\/\/dkmtwine.com\/wp-content\/uploads\/2022\/05\/Map-Programme-Area-1024x920.png\" \/>\n<meta name=\"twitter:card\" content=\"summary_large_image\" \/>\n<script type=\"application\/ld+json\" class=\"yoast-schema-graph\">{\"@context\":\"https:\/\/schema.org\",\"@graph\":[{\"@type\":\"WebPage\",\"@id\":\"https:\/\/dkmtwine.com\/kapcsolat\/\",\"url\":\"https:\/\/dkmtwine.com\/kapcsolat\/\",\"name\":\"Kapcsolat - DKMT Wine\",\"isPartOf\":{\"@id\":\"https:\/\/dkmtwine.com\/#website\"},\"primaryImageOfPage\":{\"@id\":\"https:\/\/dkmtwine.com\/kapcsolat\/#primaryimage\"},\"image\":{\"@id\":\"https:\/\/dkmtwine.com\/kapcsolat\/#primaryimage\"},\"thumbnailUrl\":\"https:\/\/dkmtwine.com\/wp-content\/uploads\/2022\/05\/Map-Programme-Area-1024x920.png\",\"datePublished\":\"2022-04-30T20:01:14+00:00\",\"dateModified\":\"2023-10-15T14:28:35+00:00\",\"breadcrumb\":{\"@id\":\"https:\/\/dkmtwine.com\/kapcsolat\/#breadcrumb\"},\"inLanguage\":\"sr-RS\",\"potentialAction\":[{\"@type\":\"ReadAction\",\"target\":[\"https:\/\/dkmtwine.com\/kapcsolat\/\"]}]},{\"@type\":\"ImageObject\",\"inLanguage\":\"sr-RS\",\"@id\":\"https:\/\/dkmtwine.com\/kapcsolat\/#primaryimage\",\"url\":\"https:\/\/dkmtwine.com\/wp-content\/uploads\/2022\/05\/Map-Programme-Area-1024x920.png\",\"contentUrl\":\"https:\/\/dkmtwine.com\/wp-content\/uploads\/2022\/05\/Map-Programme-Area-1024x920.png\"},{\"@type\":\"BreadcrumbList\",\"@id\":\"https:\/\/dkmtwine.com\/kapcsolat\/#breadcrumb\",\"itemListElement\":[{\"@type\":\"ListItem\",\"position\":1,\"name\":\"Home\",\"item\":\"https:\/\/dkmtwine.com\/\"},{\"@type\":\"ListItem\",\"position\":2,\"name\":\"Kapcsolat\"}]},{\"@type\":\"WebSite\",\"@id\":\"https:\/\/dkmtwine.com\/#website\",\"url\":\"https:\/\/dkmtwine.com\/\",\"name\":\"DKMT Wine\",\"description\":\"DKMT Wine\",\"publisher\":{\"@id\":\"https:\/\/dkmtwine.com\/#organization\"},\"potentialAction\":[{\"@type\":\"SearchAction\",\"target\":{\"@type\":\"EntryPoint\",\"urlTemplate\":\"https:\/\/dkmtwine.com\/?s={search_term_string}\"},\"query-input\":{\"@type\":\"PropertyValueSpecification\",\"valueRequired\":true,\"valueName\":\"search_term_string\"}}],\"inLanguage\":\"sr-RS\"},{\"@type\":\"Organization\",\"@id\":\"https:\/\/dkmtwine.com\/#organization\",\"name\":\"DKMT Wine\",\"url\":\"https:\/\/dkmtwine.com\/\",\"logo\":{\"@type\":\"ImageObject\",\"inLanguage\":\"sr-RS\",\"@id\":\"https:\/\/dkmtwine.com\/#\/schema\/logo\/image\/\",\"url\":\"https:\/\/dkmtwine.com\/wp-content\/uploads\/2022\/05\/admin-ajax.php_.jpg\",\"contentUrl\":\"https:\/\/dkmtwine.com\/wp-content\/uploads\/2022\/05\/admin-ajax.php_.jpg\",\"width\":400,\"height\":243,\"caption\":\"DKMT Wine\"},\"image\":{\"@id\":\"https:\/\/dkmtwine.com\/#\/schema\/logo\/image\/\"}}]}<\/script>\n<!-- \/ Yoast SEO Premium plugin. -->","yoast_head_json":{"title":"\u041a\u043e\u043d\u0442\u0430\u043a\u0442 - \u0414\u041a\u041c\u0422 \u0412\u0438\u043d\u0435","robots":{"index":"index","follow":"follow","max-snippet":"max-snippet:-1","max-image-preview":"max-image-preview:large","max-video-preview":"max-video-preview:-1"},"canonical":"https:\/\/dkmtwine.com\/sr\/\u043e\u0434\u043d\u043e\u0441\/","og_locale":"sr_RS","og_type":"article","og_title":"Kapcsolat","og_description":"[&hellip;]","og_url":"https:\/\/dkmtwine.com\/sr\/\u043e\u0434\u043d\u043e\u0441\/","og_site_name":"DKMT Wine","article_modified_time":"2023-10-15T14:28:35+00:00","og_image":[{"url":"https:\/\/dkmtwine.com\/wp-content\/uploads\/2022\/05\/Map-Programme-Area-1024x920.png","type":"","width":"","height":""}],"twitter_card":"summary_large_image","schema":{"@context":"https:\/\/schema.org","@graph":[{"@type":"WebPage","@id":"https:\/\/dkmtwine.com\/kapcsolat\/","url":"https:\/\/dkmtwine.com\/kapcsolat\/","name":"\u041a\u043e\u043d\u0442\u0430\u043a\u0442 - \u0414\u041a\u041c\u0422 \u0412\u0438\u043d\u0435","isPartOf":{"@id":"https:\/\/dkmtwine.com\/#website"},"primaryImageOfPage":{"@id":"https:\/\/dkmtwine.com\/kapcsolat\/#primaryimage"},"image":{"@id":"https:\/\/dkmtwine.com\/kapcsolat\/#primaryimage"},"thumbnailUrl":"https:\/\/dkmtwine.com\/wp-content\/uploads\/2022\/05\/Map-Programme-Area-1024x920.png","datePublished":"2022-04-30T20:01:14+00:00","dateModified":"2023-10-15T14:28:35+00:00","breadcrumb":{"@id":"https:\/\/dkmtwine.com\/kapcsolat\/#breadcrumb"},"inLanguage":"sr-RS","potentialAction":[{"@type":"ReadAction","target":["https:\/\/dkmtwine.com\/kapcsolat\/"]}]},{"@type":"ImageObject","inLanguage":"sr-RS","@id":"https:\/\/dkmtwine.com\/kapcsolat\/#primaryimage","url":"https:\/\/dkmtwine.com\/wp-content\/uploads\/2022\/05\/Map-Programme-Area-1024x920.png","contentUrl":"https:\/\/dkmtwine.com\/wp-content\/uploads\/2022\/05\/Map-Programme-Area-1024x920.png"},{"@type":"BreadcrumbList","@id":"https:\/\/dkmtwine.com\/kapcsolat\/#breadcrumb","itemListElement":[{"@type":"ListItem","position":1,"name":"Home","item":"https:\/\/dkmtwine.com\/"},{"@type":"ListItem","position":2,"name":"Kapcsolat"}]},{"@type":"WebSite","@id":"https:\/\/dkmtwine.com\/#website","url":"https:\/\/dkmtwine.com\/","name":"\u0414\u041a\u041c\u0422 \u0412\u0438\u043d\u0435","description":"\u0414\u041a\u041c\u0422 \u0412\u0438\u043d\u0435","publisher":{"@id":"https:\/\/dkmtwine.com\/#organization"},"potentialAction":[{"@type":"SearchAction","target":{"@type":"EntryPoint","urlTemplate":"https:\/\/dkmtwine.com\/?s={search_term_string}"},"query-input":{"@type":"PropertyValueSpecification","valueRequired":true,"valueName":"search_term_string"}}],"inLanguage":"sr-RS"},{"@type":"Organization","@id":"https:\/\/dkmtwine.com\/#organization","name":"\u0414\u041a\u041c\u0422 \u0412\u0438\u043d\u0435","url":"https:\/\/dkmtwine.com\/","logo":{"@type":"ImageObject","inLanguage":"sr-RS","@id":"https:\/\/dkmtwine.com\/#\/schema\/logo\/image\/","url":"https:\/\/dkmtwine.com\/wp-content\/uploads\/2022\/05\/admin-ajax.php_.jpg","contentUrl":"https:\/\/dkmtwine.com\/wp-content\/uploads\/2022\/05\/admin-ajax.php_.jpg","width":400,"height":243,"caption":"DKMT Wine"},"image":{"@id":"https:\/\/dkmtwine.com\/#\/schema\/logo\/image\/"}}]}},"_links":{"self":[{"href":"https:\/\/dkmtwine.com\/sr\/wp-json\/wp\/v2\/pages\/258","targetHints":{"allow":["GET"]}}],"collection":[{"href":"https:\/\/dkmtwine.com\/sr\/wp-json\/wp\/v2\/pages"}],"about":[{"href":"https:\/\/dkmtwine.com\/sr\/wp-json\/wp\/v2\/types\/page"}],"author":[{"embeddable":true,"href":"https:\/\/dkmtwine.com\/sr\/wp-json\/wp\/v2\/users\/1"}],"replies":[{"embeddable":true,"href":"https:\/\/dkmtwine.com\/sr\/wp-json\/wp\/v2\/comments?post=258"}],"version-history":[{"count":0,"href":"https:\/\/dkmtwine.com\/sr\/wp-json\/wp\/v2\/pages\/258\/revisions"}],"wp:attachment":[{"href":"https:\/\/dkmtwine.com\/sr\/wp-json\/wp\/v2\/media?parent=258"}],"curies":[{"name":"wp","href":"https:\/\/api.w.org\/{rel}","templated":true}]}}