{"id":5740,"date":"2022-09-30T21:06:24","date_gmt":"2022-09-30T21:06:24","guid":{"rendered":"https:\/\/dkmtwine.com\/?page_id=5740"},"modified":"2023-04-17T11:24:57","modified_gmt":"2023-04-17T09:24:57","slug":"news","status":"publish","type":"page","link":"https:\/\/dkmtwine.com\/en\/news\/","title":{"rendered":"News"},"content":{"rendered":"<div data-elementor-type=\"wp-page\" data-elementor-id=\"5740\" class=\"elementor elementor-5740\" data-elementor-post-type=\"page\">\n\t\t\t\t\t\t<section class=\"elementor-section elementor-top-section elementor-element elementor-element-d2e5c4e elementor-section-boxed elementor-section-height-default elementor-section-height-default\" data-id=\"d2e5c4e\" data-element_type=\"section\">\n\t\t\t\t\t\t<div class=\"elementor-container elementor-column-gap-default\">\n\t\t\t\t\t<div class=\"elementor-column elementor-col-100 elementor-top-column elementor-element elementor-element-230b12b\" data-id=\"230b12b\" data-element_type=\"column\">\n\t\t\t<div class=\"elementor-widget-wrap elementor-element-populated\">\n\t\t\t\t\t\t<div class=\"elementor-element elementor-element-bd797c7 elementor-widget elementor-widget-newszone-post-grid-loadmore\" data-id=\"bd797c7\" data-element_type=\"widget\" data-settings=\"{&quot;ekit_we_effect_on&quot;:&quot;none&quot;}\" data-widget_type=\"newszone-post-grid-loadmore.default\">\n\t\t\t\t<div class=\"elementor-widget-container\">\n\t\t\t\t\t\n\n               <div class=\"grid-loadmore-content row\">\n            \n                                    <div class=\"col-md-6 grid-item\">\n                        <div class=\"ts-overlay-style featured-post post-grid-loadmore post-6871 post type-post status-publish format-standard has-post-thumbnail hentry category-hirek\">\n    <div class=\"item item-before\"\n         style=\"background-image:url(https:\/\/dkmtwine.com\/wp-content\/uploads\/2023\/09\/posztok-13-600x398.jpg)\">\n\n        <a class=\"img-link\" href=\"https:\/\/dkmtwine.com\/en\/2023\/09\/21\/az-antal-pinceszet-sikere\/\">Az Antal Pinc\u00e9szet sikere<\/a>\n\t\t\n        <div class=\"post-content\">\n\t\t\t\n            <h3 class=\"post-title\">\n                <a href=\"https:\/\/dkmtwine.com\/en\/2023\/09\/21\/az-antal-pinceszet-sikere\/\">\n\t\t\t\t\tAz Antal Pinc\u00e9szet sikere                <\/a>\n            <\/h3>\n\n            <ul class=\"post-meta-info\">\n\n\t\t\t\t\t\t\t\t\t\t\t\t\n\t\t\t\t\n            <\/ul>\n\t\t\t        <\/div>\n    <\/div>\n<\/div>\n                     <\/div>\n                  \n\n            \n                                    <div class=\"col-md-6 grid-item\">\n                        <div class=\"ts-overlay-style featured-post post-grid-loadmore post-6831 post type-post status-publish format-standard has-post-thumbnail hentry category-hirek\">\n    <div class=\"item item-before\"\n         style=\"background-image:url(https:\/\/dkmtwine.com\/wp-content\/uploads\/2023\/08\/posztok-05-600x398.png)\">\n\n        <a class=\"img-link\" href=\"https:\/\/dkmtwine.com\/en\/2023\/08\/14\/soltvadkerti-boraszt-valasztottak-frittmann-janos-lett-a-hegykozsegek-nemzeti-tanacsa-elnoke\/\">Soltvadkerti bor\u00e1szt v\u00e1lasztottak. Frittmann J\u00e1nos lett a Hegyk\u00f6zs\u00e9gek Nemzeti Tan\u00e1csa eln\u00f6ke<\/a>\n\t\t\n        <div class=\"post-content\">\n\t\t\t\n            <h3 class=\"post-title\">\n                <a href=\"https:\/\/dkmtwine.com\/en\/2023\/08\/14\/soltvadkerti-boraszt-valasztottak-frittmann-janos-lett-a-hegykozsegek-nemzeti-tanacsa-elnoke\/\">\n\t\t\t\t\tSoltvadkerti bor\u00e1szt v\u00e1lasztottak. Frittmann J\u00e1nos lett a Hegyk\u00f6zs\u00e9gek Nemzeti Tan\u00e1csa eln\u00f6ke                <\/a>\n            <\/h3>\n\n            <ul class=\"post-meta-info\">\n\n\t\t\t\t\t\t\t\t\t\t\t\t\n\t\t\t\t\n            <\/ul>\n\t\t\t        <\/div>\n    <\/div>\n<\/div>\n                     <\/div>\n                  \n\n            \n                                    <div class=\"col-md-6 grid-item\">\n                        <div class=\"ts-overlay-style featured-post post-grid-loadmore post-6783 post type-post status-publish format-standard has-post-thumbnail hentry category-hirek\">\n    <div class=\"item item-before\"\n         style=\"background-image:url(https:\/\/dkmtwine.com\/wp-content\/uploads\/2023\/05\/Halasi-Borudvar-es-a-Varos-Napja-454x398.jpg)\">\n\n        <a class=\"img-link\" href=\"https:\/\/dkmtwine.com\/en\/2023\/05\/17\/halas-borudvar-and-a-varos-day\/\">Halasi Borudvar and the City Day<\/a>\n\t\t\n        <div class=\"post-content\">\n\t\t\t\n            <h3 class=\"post-title\">\n                <a href=\"https:\/\/dkmtwine.com\/en\/2023\/05\/17\/halas-borudvar-and-a-varos-day\/\">\n\t\t\t\t\tHalasi Borudvar and the City Day                <\/a>\n            <\/h3>\n\n            <ul class=\"post-meta-info\">\n\n\t\t\t\t\t\t\t\t\t\t\t\t\n\t\t\t\t\n            <\/ul>\n\t\t\t        <\/div>\n    <\/div>\n<\/div>\n                     <\/div>\n                  \n\n            \n                                    <div class=\"col-md-6 grid-item\">\n                        <div class=\"ts-overlay-style featured-post post-grid-loadmore post-6571 post type-post status-publish format-standard has-post-thumbnail hentry category-hirek\">\n    <div class=\"item item-before\"\n         style=\"background-image:url(https:\/\/dkmtwine.com\/wp-content\/uploads\/2023\/03\/hir-akasztoi-borverseny-1-600x398.jpg)\">\n\n        <a class=\"img-link\" href=\"https:\/\/dkmtwine.com\/en\/2023\/03\/03\/akastoi-wine-competition\/\">Akaszto wine competition<\/a>\n\t\t\n        <div class=\"post-content\">\n\t\t\t\n            <h3 class=\"post-title\">\n                <a href=\"https:\/\/dkmtwine.com\/en\/2023\/03\/03\/akastoi-wine-competition\/\">\n\t\t\t\t\tAkaszto wine competition                <\/a>\n            <\/h3>\n\n            <ul class=\"post-meta-info\">\n\n\t\t\t\t\t\t\t\t\t\t\t\t\n\t\t\t\t\n            <\/ul>\n\t\t\t        <\/div>\n    <\/div>\n<\/div>\n                     <\/div>\n                  \n\n            \n                                    <div class=\"col-md-6 grid-item\">\n                        <div class=\"ts-overlay-style featured-post post-grid-loadmore post-6451 post type-post status-publish format-standard has-post-thumbnail hentry category-hirek\">\n    <div class=\"item item-before\"\n         style=\"background-image:url(https:\/\/dkmtwine.com\/wp-content\/uploads\/2023\/01\/A-sillertol-az-aszuborig-a-sokszinu-Kadarka-01-600x398.jpeg)\">\n\n        <a class=\"img-link\" href=\"https:\/\/dkmtwine.com\/en\/2023\/01\/17\/from-sillerto-az-azuborig-to-soksinu-kadarka\/\">A sillert\u0151l az asz\u00faborig: a soksz\u00edn\u0171 Kadarka<\/a>\n\t\t\n        <div class=\"post-content\">\n\t\t\t\n            <h3 class=\"post-title\">\n                <a href=\"https:\/\/dkmtwine.com\/en\/2023\/01\/17\/from-sillerto-az-azuborig-to-soksinu-kadarka\/\">\n\t\t\t\t\tA sillert\u0151l az asz\u00faborig: a soksz\u00edn\u0171 Kadarka                <\/a>\n            <\/h3>\n\n            <ul class=\"post-meta-info\">\n\n\t\t\t\t\t\t\t\t\t\t\t\t\n\t\t\t\t\n            <\/ul>\n\t\t\t        <\/div>\n    <\/div>\n<\/div>\n                     <\/div>\n                  \n\n            \n                                    <div class=\"col-md-6 grid-item\">\n                        <div class=\"ts-overlay-style featured-post post-grid-loadmore post-6439 post type-post status-publish format-standard has-post-thumbnail hentry category-hirek\">\n    <div class=\"item item-before\"\n         style=\"background-image:url(https:\/\/dkmtwine.com\/wp-content\/uploads\/2023\/01\/Kadarka-ne-taszigalj-01-600x398.jpeg)\">\n\n        <a class=\"img-link\" href=\"https:\/\/dkmtwine.com\/en\/2023\/01\/17\/kadarka-dont-push-me\/\">Kadarka, don't push me!<\/a>\n\t\t\n        <div class=\"post-content\">\n\t\t\t\n            <h3 class=\"post-title\">\n                <a href=\"https:\/\/dkmtwine.com\/en\/2023\/01\/17\/kadarka-dont-push-me\/\">\n\t\t\t\t\tKadarka, don't push me!                <\/a>\n            <\/h3>\n\n            <ul class=\"post-meta-info\">\n\n\t\t\t\t\t\t\t\t\t\t\t\t\n\t\t\t\t\n            <\/ul>\n\t\t\t        <\/div>\n    <\/div>\n<\/div>\n                     <\/div>\n                  \n\n            \n                                    <div class=\"col-md-6 grid-item\">\n                        <div class=\"ts-overlay-style featured-post post-grid-loadmore post-6318 post type-post status-publish format-standard has-post-thumbnail hentry category-hirek\">\n    <div class=\"item item-before\"\n         style=\"background-image:url(https:\/\/dkmtwine.com\/wp-content\/uploads\/2022\/11\/Nemzetkozi-borkiallitas-Ujvidek-600x398.jpg)\">\n\n        <a class=\"img-link\" href=\"https:\/\/dkmtwine.com\/en\/2022\/11\/22\/more-than-70-domestic-and-kulfold-cellars-introduced-their-products\/\">International wine exhibition in Novi Sad - More than 70 domestic and foreign wineries presented their products.<\/a>\n\t\t\n        <div class=\"post-content\">\n\t\t\t\n            <h3 class=\"post-title\">\n                <a href=\"https:\/\/dkmtwine.com\/en\/2022\/11\/22\/more-than-70-domestic-and-kulfold-cellars-introduced-their-products\/\">\n\t\t\t\t\tInternational wine exhibition in Novi Sad - More than 70 domestic and foreign wineries presented their products.                <\/a>\n            <\/h3>\n\n            <ul class=\"post-meta-info\">\n\n\t\t\t\t\t\t\t\t\t\t\t\t\n\t\t\t\t\n            <\/ul>\n\t\t\t        <\/div>\n    <\/div>\n<\/div>\n                     <\/div>\n                  \n\n            \n                                    <div class=\"col-md-6 grid-item\">\n                        <div class=\"ts-overlay-style featured-post post-grid-loadmore post-5731 post type-post status-publish format-standard has-post-thumbnail hentry category-hirek category-oktatas\">\n    <div class=\"item item-before\"\n         style=\"background-image:url(https:\/\/dkmtwine.com\/wp-content\/uploads\/2022\/09\/Magyarorszag-regioi-megyei-1024x671-1-600x398.png)\">\n\n        <a class=\"img-link\" href=\"https:\/\/dkmtwine.com\/en\/2022\/09\/30\/wine-knowledge-occupation-in-the-danube-wine-region\/\">Viticulture and wine education in Csongr\u00e1d-Csan\u00e1d and B\u00e1cs-Kiskun counties<\/a>\n\t\t\n        <div class=\"post-content\">\n\t\t\t\n            <h3 class=\"post-title\">\n                <a href=\"https:\/\/dkmtwine.com\/en\/2022\/09\/30\/wine-knowledge-occupation-in-the-danube-wine-region\/\">\n\t\t\t\t\tViticulture and wine education in Csongr\u00e1d-Csan\u00e1d and B\u00e1cs-Kiskun counties                <\/a>\n            <\/h3>\n\n            <ul class=\"post-meta-info\">\n\n\t\t\t\t\t\t\t\t\t\t\t\t\n\t\t\t\t\n            <\/ul>\n\t\t\t        <\/div>\n    <\/div>\n<\/div>\n                     <\/div>\n                  \n\n            \n                                    <div class=\"col-md-6 grid-item\">\n                        <div class=\"ts-overlay-style featured-post post-grid-loadmore post-5725 post type-post status-publish format-standard has-post-thumbnail hentry category-hirek category-oktatas\">\n    <div class=\"item item-before\"\n         style=\"background-image:url(https:\/\/dkmtwine.com\/wp-content\/uploads\/2022\/09\/vajdasag-1-600x398.jpg)\">\n\n        <a class=\"img-link\" href=\"https:\/\/dkmtwine.com\/en\/2022\/09\/30\/wine-knowledge-instructor-in-the-vajdasag\/\">Viticulture and wine education in Vojvodina<\/a>\n\t\t\n        <div class=\"post-content\">\n\t\t\t\n            <h3 class=\"post-title\">\n                <a href=\"https:\/\/dkmtwine.com\/en\/2022\/09\/30\/wine-knowledge-instructor-in-the-vajdasag\/\">\n\t\t\t\t\tViticulture and wine education in Vojvodina                <\/a>\n            <\/h3>\n\n            <ul class=\"post-meta-info\">\n\n\t\t\t\t\t\t\t\t\t\t\t\t\n\t\t\t\t\n            <\/ul>\n\t\t\t        <\/div>\n    <\/div>\n<\/div>\n                     <\/div>\n                  \n\n            \n                                    <div class=\"col-md-6 grid-item\">\n                        <div class=\"ts-overlay-style featured-post post-grid-loadmore post-5682 post type-post status-publish format-standard has-post-thumbnail hentry category-hirek\">\n    <div class=\"item item-before\"\n         style=\"background-image:url(https:\/\/dkmtwine.com\/wp-content\/uploads\/2022\/06\/Irig_Serbia_-_panoramio_100-scaled-600x398.jpeg)\">\n\n        <a class=\"img-link\" href=\"https:\/\/dkmtwine.com\/en\/2022\/09\/30\/im-jealous-of-the-best-love-solo-here-in-the-room\/\">\u00dcr\u00f6g (Irig): the best Szerems\u00e9 grapes grow here<\/a>\n\t\t\n        <div class=\"post-content\">\n\t\t\t\n            <h3 class=\"post-title\">\n                <a href=\"https:\/\/dkmtwine.com\/en\/2022\/09\/30\/im-jealous-of-the-best-love-solo-here-in-the-room\/\">\n\t\t\t\t\t\u00dcr\u00f6g (Irig): the best Szerems\u00e9 grapes grow here                <\/a>\n            <\/h3>\n\n            <ul class=\"post-meta-info\">\n\n\t\t\t\t\t\t\t\t\t\t\t\t\n\t\t\t\t\n            <\/ul>\n\t\t\t        <\/div>\n    <\/div>\n<\/div>\n                     <\/div>\n                  \n\n                     <\/div>\n                     \n               <div class=\"load-more-btn text-center\">\n                  <button class=\"digiqole-post-grid-loadmore\" data-json_grid_meta=\"{&quot;order&quot;:&quot;DESC&quot;,&quot;posts_per_page&quot;:10,&quot;terms&quot;:[&quot;38&quot;],&quot;tags&quot;:&quot;&quot;,&quot;post_sortby&quot;:&quot;latestpost&quot;,&quot;total_post&quot;:82,&quot;grid_style&quot;:&quot;style1&quot;,&quot;show_view_count&quot;:&quot;&quot;,&quot;show_cat&quot;:&quot;no&quot;,&quot;show_author&quot;:&quot;&quot;,&quot;show_date&quot;:&quot;&quot;,&quot;show_desc&quot;:&quot;no&quot;,&quot;desc_limit&quot;:&quot;35&quot;,&quot;post_title_crop&quot;:&quot;35&quot;,&quot;show_gradient&quot;:&quot;&quot;,&quot;show_author_avator&quot;:&quot;no&quot;}\">\n\n                     Load More\n                  <\/button>\n               <\/div>\n            \n               \n\n\n\t\t\t\t<\/div>\n\t\t\t\t<\/div>\n\t\t\t\t\t<\/div>\n\t\t<\/div>\n\t\t\t\t\t<\/div>\n\t\t<\/section>\n\t\t\t\t<section class=\"elementor-section elementor-top-section elementor-element elementor-element-d4325be elementor-section-boxed elementor-section-height-default elementor-section-height-default\" data-id=\"d4325be\" data-element_type=\"section\">\n\t\t\t\t\t\t<div class=\"elementor-container elementor-column-gap-default\">\n\t\t\t\t\t<div class=\"elementor-column elementor-col-100 elementor-top-column elementor-element elementor-element-f71a1a7\" data-id=\"f71a1a7\" data-element_type=\"column\">\n\t\t\t<div class=\"elementor-widget-wrap elementor-element-populated\">\n\t\t\t\t\t\t<div class=\"elementor-element elementor-element-aafd61d elementor-widget elementor-widget-newszone-post-list\" data-id=\"aafd61d\" data-element_type=\"widget\" data-settings=\"{&quot;ekit_we_effect_on&quot;:&quot;none&quot;}\" data-widget_type=\"newszone-post-list.default\">\n\t\t\t\t<div class=\"elementor-widget-container\">\n\t\t\t\t\t\n      \n         <div class=\"ts-grid-item-2\">\n            \n               <div class=\"item\">\n   <div class=\"post-content\">\n               \n\n\t\n    <a\n            class=\"post-cat\"\n            href=\"https:\/\/dkmtwine.com\/en\/category\/news\/\"\n            style=\"background-color:block_highlight_color;color:#ffffff\"\n    >\n\n\t\tNews\n    <\/a>\n\n\n\t\n    <a\n            class=\"post-cat\"\n            href=\"https:\/\/dkmtwine.com\/en\/category\/education\/\"\n            style=\"background-color:block_highlight_color;color:#ffffff\"\n    >\n\n\t\tEducation\n    <\/a>\n\n            <h3 class=\"post-title\">\n            <a href=\"https:\/\/dkmtwine.com\/en\/2022\/09\/30\/wine-knowledge-occupation-in-the-danube-wine-region\/\">  Viticulture and wine education in Csongr\u00e1d-Csan\u00e1d and B\u00e1cs-Kiskun counties<\/a>\n      <\/h3>\n               <span class=\"post-date\">\n            <i class=\"ts-icon ts-icon-clock-regular\"><\/i> 2022.09.30         <\/span>\n         <\/div>\n<\/div>\n            \n               <div class=\"item\">\n   <div class=\"post-content\">\n               \n\n\t\n    <a\n            class=\"post-cat\"\n            href=\"https:\/\/dkmtwine.com\/en\/category\/news\/\"\n            style=\"background-color:block_highlight_color;color:#ffffff\"\n    >\n\n\t\tNews\n    <\/a>\n\n\n\t\n    <a\n            class=\"post-cat\"\n            href=\"https:\/\/dkmtwine.com\/en\/category\/education\/\"\n            style=\"background-color:block_highlight_color;color:#ffffff\"\n    >\n\n\t\tEducation\n    <\/a>\n\n            <h3 class=\"post-title\">\n            <a href=\"https:\/\/dkmtwine.com\/en\/2022\/09\/30\/wine-knowledge-instructor-in-the-vajdasag\/\">  Viticulture and wine education in Vojvodina<\/a>\n      <\/h3>\n               <span class=\"post-date\">\n            <i class=\"ts-icon ts-icon-clock-regular\"><\/i> 2022.09.30         <\/span>\n         <\/div>\n<\/div>\n                     <\/div>\n\n      \n\t\t\t\t<\/div>\n\t\t\t\t<\/div>\n\t\t\t\t\t<\/div>\n\t\t<\/div>\n\t\t\t\t\t<\/div>\n\t\t<\/section>\n\t\t\t\t<\/div>","protected":false},"excerpt":{"rendered":"<p> [\u2026]<\/p>","protected":false},"author":1,"featured_media":0,"parent":0,"menu_order":0,"comment_status":"closed","ping_status":"closed","template":"elementor_header_footer","meta":{"footnotes":"","_links_to":"","_links_to_target":""},"class_list":["post-5740","page","type-page","status-publish","hentry"],"yoast_head":"<!-- This site is optimized with the Yoast SEO Premium plugin v26.5 (Yoast SEO v26.6) - https:\/\/yoast.com\/wordpress\/plugins\/seo\/ -->\n<title>H\u00edrek - DKMT Wine<\/title>\n<meta name=\"robots\" content=\"index, follow, max-snippet:-1, max-image-preview:large, max-video-preview:-1\" \/>\n<link rel=\"canonical\" href=\"https:\/\/dkmtwine.com\/en\/news\/\" \/>\n<meta property=\"og:locale\" content=\"en_US\" \/>\n<meta property=\"og:type\" content=\"article\" \/>\n<meta property=\"og:title\" content=\"H\u00edrek\" \/>\n<meta property=\"og:description\" content=\"[&hellip;]\" \/>\n<meta property=\"og:url\" content=\"https:\/\/dkmtwine.com\/en\/news\/\" \/>\n<meta property=\"og:site_name\" content=\"DKMT Wine\" \/>\n<meta property=\"article:modified_time\" content=\"2023-04-17T09:24:57+00:00\" \/>\n<meta property=\"og:image\" content=\"https:\/\/dkmtwine.com\/wp-content\/uploads\/2022\/05\/posttempalte-\u2013-helyreallitva.jpg\" \/>\n\t<meta property=\"og:image:width\" content=\"1200\" \/>\n\t<meta property=\"og:image:height\" content=\"430\" \/>\n\t<meta property=\"og:image:type\" content=\"image\/jpeg\" \/>\n<meta name=\"twitter:card\" content=\"summary_large_image\" \/>\n<script type=\"application\/ld+json\" class=\"yoast-schema-graph\">{\"@context\":\"https:\/\/schema.org\",\"@graph\":[{\"@type\":\"WebPage\",\"@id\":\"https:\/\/dkmtwine.com\/hirek\/\",\"url\":\"https:\/\/dkmtwine.com\/hirek\/\",\"name\":\"H\u00edrek - DKMT Wine\",\"isPartOf\":{\"@id\":\"https:\/\/dkmtwine.com\/#website\"},\"datePublished\":\"2022-09-30T21:06:24+00:00\",\"dateModified\":\"2023-04-17T09:24:57+00:00\",\"breadcrumb\":{\"@id\":\"https:\/\/dkmtwine.com\/hirek\/#breadcrumb\"},\"inLanguage\":\"en-US\",\"potentialAction\":[{\"@type\":\"ReadAction\",\"target\":[\"https:\/\/dkmtwine.com\/hirek\/\"]}]},{\"@type\":\"BreadcrumbList\",\"@id\":\"https:\/\/dkmtwine.com\/hirek\/#breadcrumb\",\"itemListElement\":[{\"@type\":\"ListItem\",\"position\":1,\"name\":\"Home\",\"item\":\"https:\/\/dkmtwine.com\/\"},{\"@type\":\"ListItem\",\"position\":2,\"name\":\"H\u00edrek\"}]},{\"@type\":\"WebSite\",\"@id\":\"https:\/\/dkmtwine.com\/#website\",\"url\":\"https:\/\/dkmtwine.com\/\",\"name\":\"DKMT Wine\",\"description\":\"DKMT Wine\",\"publisher\":{\"@id\":\"https:\/\/dkmtwine.com\/#organization\"},\"potentialAction\":[{\"@type\":\"SearchAction\",\"target\":{\"@type\":\"EntryPoint\",\"urlTemplate\":\"https:\/\/dkmtwine.com\/?s={search_term_string}\"},\"query-input\":{\"@type\":\"PropertyValueSpecification\",\"valueRequired\":true,\"valueName\":\"search_term_string\"}}],\"inLanguage\":\"en-US\"},{\"@type\":\"Organization\",\"@id\":\"https:\/\/dkmtwine.com\/#organization\",\"name\":\"DKMT Wine\",\"url\":\"https:\/\/dkmtwine.com\/\",\"logo\":{\"@type\":\"ImageObject\",\"inLanguage\":\"en-US\",\"@id\":\"https:\/\/dkmtwine.com\/#\/schema\/logo\/image\/\",\"url\":\"https:\/\/dkmtwine.com\/wp-content\/uploads\/2022\/05\/admin-ajax.php_.jpg\",\"contentUrl\":\"https:\/\/dkmtwine.com\/wp-content\/uploads\/2022\/05\/admin-ajax.php_.jpg\",\"width\":400,\"height\":243,\"caption\":\"DKMT Wine\"},\"image\":{\"@id\":\"https:\/\/dkmtwine.com\/#\/schema\/logo\/image\/\"}}]}<\/script>\n<!-- \/ Yoast SEO Premium plugin. -->","yoast_head_json":{"title":"News - DKMT Wine","robots":{"index":"index","follow":"follow","max-snippet":"max-snippet:-1","max-image-preview":"max-image-preview:large","max-video-preview":"max-video-preview:-1"},"canonical":"https:\/\/dkmtwine.com\/en\/news\/","og_locale":"en_US","og_type":"article","og_title":"H\u00edrek","og_description":"[&hellip;]","og_url":"https:\/\/dkmtwine.com\/en\/news\/","og_site_name":"DKMT Wine","article_modified_time":"2023-04-17T09:24:57+00:00","og_image":[{"width":1200,"height":430,"url":"https:\/\/dkmtwine.com\/wp-content\/uploads\/2022\/05\/posttempalte-\u2013-helyreallitva.jpg","type":"image\/jpeg"}],"twitter_card":"summary_large_image","schema":{"@context":"https:\/\/schema.org","@graph":[{"@type":"WebPage","@id":"https:\/\/dkmtwine.com\/hirek\/","url":"https:\/\/dkmtwine.com\/hirek\/","name":"News - DKMT Wine","isPartOf":{"@id":"https:\/\/dkmtwine.com\/#website"},"datePublished":"2022-09-30T21:06:24+00:00","dateModified":"2023-04-17T09:24:57+00:00","breadcrumb":{"@id":"https:\/\/dkmtwine.com\/hirek\/#breadcrumb"},"inLanguage":"en-US","potentialAction":[{"@type":"ReadAction","target":["https:\/\/dkmtwine.com\/hirek\/"]}]},{"@type":"BreadcrumbList","@id":"https:\/\/dkmtwine.com\/hirek\/#breadcrumb","itemListElement":[{"@type":"ListItem","position":1,"name":"Home","item":"https:\/\/dkmtwine.com\/"},{"@type":"ListItem","position":2,"name":"H\u00edrek"}]},{"@type":"WebSite","@id":"https:\/\/dkmtwine.com\/#website","url":"https:\/\/dkmtwine.com\/","name":"DKMT Wine","description":"DKMT Wine","publisher":{"@id":"https:\/\/dkmtwine.com\/#organization"},"potentialAction":[{"@type":"SearchAction","target":{"@type":"EntryPoint","urlTemplate":"https:\/\/dkmtwine.com\/?s={search_term_string}"},"query-input":{"@type":"PropertyValueSpecification","valueRequired":true,"valueName":"search_term_string"}}],"inLanguage":"en-US"},{"@type":"Organization","@id":"https:\/\/dkmtwine.com\/#organization","name":"DKMT Wine","url":"https:\/\/dkmtwine.com\/","logo":{"@type":"ImageObject","inLanguage":"en-US","@id":"https:\/\/dkmtwine.com\/#\/schema\/logo\/image\/","url":"https:\/\/dkmtwine.com\/wp-content\/uploads\/2022\/05\/admin-ajax.php_.jpg","contentUrl":"https:\/\/dkmtwine.com\/wp-content\/uploads\/2022\/05\/admin-ajax.php_.jpg","width":400,"height":243,"caption":"DKMT Wine"},"image":{"@id":"https:\/\/dkmtwine.com\/#\/schema\/logo\/image\/"}}]}},"_links":{"self":[{"href":"https:\/\/dkmtwine.com\/en\/wp-json\/wp\/v2\/pages\/5740","targetHints":{"allow":["GET"]}}],"collection":[{"href":"https:\/\/dkmtwine.com\/en\/wp-json\/wp\/v2\/pages"}],"about":[{"href":"https:\/\/dkmtwine.com\/en\/wp-json\/wp\/v2\/types\/page"}],"author":[{"embeddable":true,"href":"https:\/\/dkmtwine.com\/en\/wp-json\/wp\/v2\/users\/1"}],"replies":[{"embeddable":true,"href":"https:\/\/dkmtwine.com\/en\/wp-json\/wp\/v2\/comments?post=5740"}],"version-history":[{"count":0,"href":"https:\/\/dkmtwine.com\/en\/wp-json\/wp\/v2\/pages\/5740\/revisions"}],"wp:attachment":[{"href":"https:\/\/dkmtwine.com\/en\/wp-json\/wp\/v2\/media?parent=5740"}],"curies":[{"name":"wp","href":"https:\/\/api.w.org\/{rel}","templated":true}]}}