{"id":5216,"date":"2022-09-25T22:40:12","date_gmt":"2022-09-25T22:40:12","guid":{"rendered":"https:\/\/dkmtwine.com\/?page_id=5216"},"modified":"2023-01-10T10:33:33","modified_gmt":"2023-01-10T09:33:33","slug":"characteristics-lists-of-solo-varieties-grown-in-the-hungarian-region","status":"publish","type":"page","link":"https:\/\/dkmtwine.com\/en\/characteristics-lists-of-solo-varieties-grown-in-the-hungarian-region\/","title":{"rendered":"Grape varieties grown in the Hungarian Region, their Characteristics, Lists"},"content":{"rendered":"<div data-elementor-type=\"wp-page\" data-elementor-id=\"5216\" class=\"elementor elementor-5216\" data-elementor-post-type=\"page\">\n\t\t\t\t\t\t<section class=\"elementor-section elementor-top-section elementor-element elementor-element-dd3aed2 elementor-section-boxed elementor-section-height-default elementor-section-height-default\" data-id=\"dd3aed2\" data-element_type=\"section\">\n\t\t\t\t\t\t<div class=\"elementor-container elementor-column-gap-default\">\n\t\t\t\t\t<div class=\"elementor-column elementor-col-100 elementor-top-column elementor-element elementor-element-329b5b5\" data-id=\"329b5b5\" data-element_type=\"column\">\n\t\t\t<div class=\"elementor-widget-wrap elementor-element-populated\">\n\t\t\t\t\t\t<div class=\"elementor-element elementor-element-58a8696 elementor-widget elementor-widget-text-editor\" data-id=\"58a8696\" data-element_type=\"widget\" data-settings=\"{&quot;ekit_we_effect_on&quot;:&quot;none&quot;}\" data-widget_type=\"text-editor.default\">\n\t\t\t\t<div class=\"elementor-widget-container\">\n\t\t\t\t\t\t\t\t\t<h2 style=\"text-align: center;\">Lists and characteristics of grape varieties grown in the Hungarian region<\/h2>\t\t\t\t\t\t\t\t<\/div>\n\t\t\t\t<\/div>\n\t\t\t\t<div class=\"elementor-element elementor-element-b1771bb elementor-widget elementor-widget-html\" data-id=\"b1771bb\" data-element_type=\"widget\" data-settings=\"{&quot;ekit_we_effect_on&quot;:&quot;none&quot;}\" data-widget_type=\"html.default\">\n\t\t\t\t<div class=\"elementor-widget-container\">\n\t\t\t\t\t                <div id=\"eov69d4cdf1cc005\" class=\"eov_doc\">\r\n                    <iframe src=\"https:\/\/view.officeapps.live.com\/op\/embed.aspx?src=https:\/\/dkmtwine.com\/wp-content\/uploads\/2022\/06\/FORDITVA_Magyar-regioban-termesztett-szolofajtak-jellemzoi-lista-1-1.xlsx\" width=\"1200px\" height=\"1200px\" frameborder=\"0\"><\/iframe>\r\n                <\/div>\r\n    \t\t\t\t<\/div>\n\t\t\t\t<\/div>\n\t\t\t\t<div class=\"elementor-element elementor-element-10b0d7f elementor-align-center elementor-widget elementor-widget-elementskit-button\" data-id=\"10b0d7f\" data-element_type=\"widget\" data-settings=\"{&quot;ekit_we_effect_on&quot;:&quot;none&quot;}\" data-widget_type=\"elementskit-button.default\">\n\t\t\t\t<div class=\"elementor-widget-container\">\n\t\t\t\t\t<div class=\"ekit-wid-con\" >\t\t<div class=\"ekit-btn-wraper\">\n\t\t\t\t\t\t\t<a href=\"https:\/\/dkmtwine.com\/wp-content\/uploads\/2022\/06\/FORDITVA_Magyar-regioban-termesztett-szolofajtak-jellemzoi-lista-1-1.xlsx\" class=\"elementskit-btn  whitespace--normal\" id=\"\">\n\t\t\t\t\tDownload database\t\t\t\t<\/a>\n\t\t\t\t\t<\/div>\n        <\/div>\t\t\t\t<\/div>\n\t\t\t\t<\/div>\n\t\t\t\t\t<\/div>\n\t\t<\/div>\n\t\t\t\t\t<\/div>\n\t\t<\/section>\n\t\t\t\t<\/div>","protected":false},"excerpt":{"rendered":"<p> [\u2026]<\/p>","protected":false},"author":1,"featured_media":0,"parent":0,"menu_order":0,"comment_status":"closed","ping_status":"closed","template":"elementor_header_footer","meta":{"footnotes":"","_links_to":"","_links_to_target":""},"class_list":["post-5216","page","type-page","status-publish","hentry"],"yoast_head":"<!-- This site is optimized with the Yoast SEO Premium plugin v26.5 (Yoast SEO v26.6) - https:\/\/yoast.com\/wordpress\/plugins\/seo\/ -->\n<title>Magyar R\u00e9gi\u00f3ban termesztett sz\u0151l\u0151fajt\u00e1k, Jellemz\u0151i, List\u00e1i - DKMT Wine<\/title>\n<meta name=\"robots\" content=\"index, follow, max-snippet:-1, max-image-preview:large, max-video-preview:-1\" \/>\n<link rel=\"canonical\" href=\"https:\/\/dkmtwine.com\/en\/characteristics-lists-of-solo-varieties-grown-in-the-hungarian-region\/\" \/>\n<meta property=\"og:locale\" content=\"en_US\" \/>\n<meta property=\"og:type\" content=\"article\" \/>\n<meta property=\"og:title\" content=\"Magyar R\u00e9gi\u00f3ban termesztett sz\u0151l\u0151fajt\u00e1k, Jellemz\u0151i, List\u00e1i\" \/>\n<meta property=\"og:description\" content=\"[&hellip;]\" \/>\n<meta property=\"og:url\" content=\"https:\/\/dkmtwine.com\/en\/characteristics-lists-of-solo-varieties-grown-in-the-hungarian-region\/\" \/>\n<meta property=\"og:site_name\" content=\"DKMT Wine\" \/>\n<meta property=\"article:modified_time\" content=\"2023-01-10T09:33:33+00:00\" \/>\n<meta property=\"og:image\" content=\"https:\/\/dkmtwine.com\/wp-content\/uploads\/2022\/05\/posttempalte-\u2013-helyreallitva.jpg\" \/>\n\t<meta property=\"og:image:width\" content=\"1200\" \/>\n\t<meta property=\"og:image:height\" content=\"430\" \/>\n\t<meta property=\"og:image:type\" content=\"image\/jpeg\" \/>\n<meta name=\"twitter:card\" content=\"summary_large_image\" \/>\n<script type=\"application\/ld+json\" class=\"yoast-schema-graph\">{\"@context\":\"https:\/\/schema.org\",\"@graph\":[{\"@type\":\"WebPage\",\"@id\":\"https:\/\/dkmtwine.com\/magyar-regioban-termesztett-szolofajtak-jellemzoi-listai\/\",\"url\":\"https:\/\/dkmtwine.com\/magyar-regioban-termesztett-szolofajtak-jellemzoi-listai\/\",\"name\":\"Magyar R\u00e9gi\u00f3ban termesztett sz\u0151l\u0151fajt\u00e1k, Jellemz\u0151i, List\u00e1i - DKMT Wine\",\"isPartOf\":{\"@id\":\"https:\/\/dkmtwine.com\/#website\"},\"datePublished\":\"2022-09-25T22:40:12+00:00\",\"dateModified\":\"2023-01-10T09:33:33+00:00\",\"breadcrumb\":{\"@id\":\"https:\/\/dkmtwine.com\/magyar-regioban-termesztett-szolofajtak-jellemzoi-listai\/#breadcrumb\"},\"inLanguage\":\"en-US\",\"potentialAction\":[{\"@type\":\"ReadAction\",\"target\":[\"https:\/\/dkmtwine.com\/magyar-regioban-termesztett-szolofajtak-jellemzoi-listai\/\"]}]},{\"@type\":\"BreadcrumbList\",\"@id\":\"https:\/\/dkmtwine.com\/magyar-regioban-termesztett-szolofajtak-jellemzoi-listai\/#breadcrumb\",\"itemListElement\":[{\"@type\":\"ListItem\",\"position\":1,\"name\":\"Home\",\"item\":\"https:\/\/dkmtwine.com\/\"},{\"@type\":\"ListItem\",\"position\":2,\"name\":\"Magyar R\u00e9gi\u00f3ban termesztett sz\u0151l\u0151fajt\u00e1k, Jellemz\u0151i, List\u00e1i\"}]},{\"@type\":\"WebSite\",\"@id\":\"https:\/\/dkmtwine.com\/#website\",\"url\":\"https:\/\/dkmtwine.com\/\",\"name\":\"DKMT Wine\",\"description\":\"DKMT Wine\",\"publisher\":{\"@id\":\"https:\/\/dkmtwine.com\/#organization\"},\"potentialAction\":[{\"@type\":\"SearchAction\",\"target\":{\"@type\":\"EntryPoint\",\"urlTemplate\":\"https:\/\/dkmtwine.com\/?s={search_term_string}\"},\"query-input\":{\"@type\":\"PropertyValueSpecification\",\"valueRequired\":true,\"valueName\":\"search_term_string\"}}],\"inLanguage\":\"en-US\"},{\"@type\":\"Organization\",\"@id\":\"https:\/\/dkmtwine.com\/#organization\",\"name\":\"DKMT Wine\",\"url\":\"https:\/\/dkmtwine.com\/\",\"logo\":{\"@type\":\"ImageObject\",\"inLanguage\":\"en-US\",\"@id\":\"https:\/\/dkmtwine.com\/#\/schema\/logo\/image\/\",\"url\":\"https:\/\/dkmtwine.com\/wp-content\/uploads\/2022\/05\/admin-ajax.php_.jpg\",\"contentUrl\":\"https:\/\/dkmtwine.com\/wp-content\/uploads\/2022\/05\/admin-ajax.php_.jpg\",\"width\":400,\"height\":243,\"caption\":\"DKMT Wine\"},\"image\":{\"@id\":\"https:\/\/dkmtwine.com\/#\/schema\/logo\/image\/\"}}]}<\/script>\n<!-- \/ Yoast SEO Premium plugin. -->","yoast_head_json":{"title":"Grape varieties grown in the Hungarian Region, Characteristics, Lists - DKMT Wine","robots":{"index":"index","follow":"follow","max-snippet":"max-snippet:-1","max-image-preview":"max-image-preview:large","max-video-preview":"max-video-preview:-1"},"canonical":"https:\/\/dkmtwine.com\/en\/characteristics-lists-of-solo-varieties-grown-in-the-hungarian-region\/","og_locale":"en_US","og_type":"article","og_title":"Magyar R\u00e9gi\u00f3ban termesztett sz\u0151l\u0151fajt\u00e1k, Jellemz\u0151i, List\u00e1i","og_description":"[&hellip;]","og_url":"https:\/\/dkmtwine.com\/en\/characteristics-lists-of-solo-varieties-grown-in-the-hungarian-region\/","og_site_name":"DKMT Wine","article_modified_time":"2023-01-10T09:33:33+00:00","og_image":[{"width":1200,"height":430,"url":"https:\/\/dkmtwine.com\/wp-content\/uploads\/2022\/05\/posttempalte-\u2013-helyreallitva.jpg","type":"image\/jpeg"}],"twitter_card":"summary_large_image","schema":{"@context":"https:\/\/schema.org","@graph":[{"@type":"WebPage","@id":"https:\/\/dkmtwine.com\/magyar-regioban-termesztett-szolofajtak-jellemzoi-listai\/","url":"https:\/\/dkmtwine.com\/magyar-regioban-termesztett-szolofajtak-jellemzoi-listai\/","name":"Grape varieties grown in the Hungarian Region, Characteristics, Lists - DKMT Wine","isPartOf":{"@id":"https:\/\/dkmtwine.com\/#website"},"datePublished":"2022-09-25T22:40:12+00:00","dateModified":"2023-01-10T09:33:33+00:00","breadcrumb":{"@id":"https:\/\/dkmtwine.com\/magyar-regioban-termesztett-szolofajtak-jellemzoi-listai\/#breadcrumb"},"inLanguage":"en-US","potentialAction":[{"@type":"ReadAction","target":["https:\/\/dkmtwine.com\/magyar-regioban-termesztett-szolofajtak-jellemzoi-listai\/"]}]},{"@type":"BreadcrumbList","@id":"https:\/\/dkmtwine.com\/magyar-regioban-termesztett-szolofajtak-jellemzoi-listai\/#breadcrumb","itemListElement":[{"@type":"ListItem","position":1,"name":"Home","item":"https:\/\/dkmtwine.com\/"},{"@type":"ListItem","position":2,"name":"Magyar R\u00e9gi\u00f3ban termesztett sz\u0151l\u0151fajt\u00e1k, Jellemz\u0151i, List\u00e1i"}]},{"@type":"WebSite","@id":"https:\/\/dkmtwine.com\/#website","url":"https:\/\/dkmtwine.com\/","name":"DKMT Wine","description":"DKMT Wine","publisher":{"@id":"https:\/\/dkmtwine.com\/#organization"},"potentialAction":[{"@type":"SearchAction","target":{"@type":"EntryPoint","urlTemplate":"https:\/\/dkmtwine.com\/?s={search_term_string}"},"query-input":{"@type":"PropertyValueSpecification","valueRequired":true,"valueName":"search_term_string"}}],"inLanguage":"en-US"},{"@type":"Organization","@id":"https:\/\/dkmtwine.com\/#organization","name":"DKMT Wine","url":"https:\/\/dkmtwine.com\/","logo":{"@type":"ImageObject","inLanguage":"en-US","@id":"https:\/\/dkmtwine.com\/#\/schema\/logo\/image\/","url":"https:\/\/dkmtwine.com\/wp-content\/uploads\/2022\/05\/admin-ajax.php_.jpg","contentUrl":"https:\/\/dkmtwine.com\/wp-content\/uploads\/2022\/05\/admin-ajax.php_.jpg","width":400,"height":243,"caption":"DKMT Wine"},"image":{"@id":"https:\/\/dkmtwine.com\/#\/schema\/logo\/image\/"}}]}},"_links":{"self":[{"href":"https:\/\/dkmtwine.com\/en\/wp-json\/wp\/v2\/pages\/5216","targetHints":{"allow":["GET"]}}],"collection":[{"href":"https:\/\/dkmtwine.com\/en\/wp-json\/wp\/v2\/pages"}],"about":[{"href":"https:\/\/dkmtwine.com\/en\/wp-json\/wp\/v2\/types\/page"}],"author":[{"embeddable":true,"href":"https:\/\/dkmtwine.com\/en\/wp-json\/wp\/v2\/users\/1"}],"replies":[{"embeddable":true,"href":"https:\/\/dkmtwine.com\/en\/wp-json\/wp\/v2\/comments?post=5216"}],"version-history":[{"count":0,"href":"https:\/\/dkmtwine.com\/en\/wp-json\/wp\/v2\/pages\/5216\/revisions"}],"wp:attachment":[{"href":"https:\/\/dkmtwine.com\/en\/wp-json\/wp\/v2\/media?parent=5216"}],"curies":[{"name":"wp","href":"https:\/\/api.w.org\/{rel}","templated":true}]}}