{"id":254,"date":"2022-04-30T20:01:14","date_gmt":"2022-04-30T20:01:14","guid":{"rendered":"https:\/\/dkmtwine.com\/?page_id=254"},"modified":"2022-09-30T20:17:05","modified_gmt":"2022-09-30T20:17:05","slug":"the-project","status":"publish","type":"page","link":"https:\/\/dkmtwine.com\/en\/the-project\/","title":{"rendered":"The Project"},"content":{"rendered":"<div data-elementor-type=\"wp-page\" data-elementor-id=\"254\" class=\"elementor elementor-254\" data-elementor-post-type=\"page\">\n\t\t\t\t\t\t<section class=\"elementor-section elementor-top-section elementor-element elementor-element-a2f5acd elementor-section-height-min-height elementor-section-boxed elementor-section-height-default elementor-section-items-middle\" data-id=\"a2f5acd\" data-element_type=\"section\" data-settings=\"{&quot;background_background&quot;:&quot;slideshow&quot;,&quot;background_slideshow_gallery&quot;:[{&quot;id&quot;:720,&quot;url&quot;:&quot;https:\\\/\\\/dkmtwine.com\\\/wp-content\\\/uploads\\\/2022\\\/05\\\/xduna_borregio_hero_4000x2000.jpg.pagespeed.ic_.l6avP0jxUU.webp&quot;},{&quot;id&quot;:747,&quot;url&quot;:&quot;https:\\\/\\\/dkmtwine.com\\\/wp-content\\\/uploads\\\/2022\\\/05\\\/B_7202v-scaled.jpg&quot;},{&quot;id&quot;:749,&quot;url&quot;:&quot;https:\\\/\\\/dkmtwine.com\\\/wp-content\\\/uploads\\\/2022\\\/05\\\/1545854876-wGdIg0FXV_md.jpg&quot;},{&quot;id&quot;:752,&quot;url&quot;:&quot;https:\\\/\\\/dkmtwine.com\\\/wp-content\\\/uploads\\\/2022\\\/05\\\/fr1-e1574598613948.jpg&quot;},{&quot;id&quot;:755,&quot;url&quot;:&quot;https:\\\/\\\/dkmtwine.com\\\/wp-content\\\/uploads\\\/2022\\\/05\\\/csongradborvidek.jpg&quot;}],&quot;background_slideshow_loop&quot;:&quot;yes&quot;,&quot;background_slideshow_slide_duration&quot;:5000,&quot;background_slideshow_slide_transition&quot;:&quot;fade&quot;,&quot;background_slideshow_transition_duration&quot;:500}\">\n\t\t\t\t\t\t<div class=\"elementor-container elementor-column-gap-default\">\n\t\t\t\t\t<div class=\"elementor-column elementor-col-100 elementor-top-column elementor-element elementor-element-2a2046a\" data-id=\"2a2046a\" data-element_type=\"column\" data-settings=\"{&quot;background_background&quot;:&quot;classic&quot;}\">\n\t\t\t<div class=\"elementor-widget-wrap elementor-element-populated\">\n\t\t\t\t\t<div class=\"elementor-background-overlay\"><\/div>\n\t\t\t\t\t\t<div class=\"elementor-element elementor-element-fd706ee elementor-widget elementor-widget-heading\" data-id=\"fd706ee\" data-element_type=\"widget\" data-settings=\"{&quot;ekit_we_effect_on&quot;:&quot;none&quot;}\" data-widget_type=\"heading.default\">\n\t\t\t\t<div class=\"elementor-widget-container\">\n\t\t\t\t\t<h2 class=\"elementor-heading-title elementor-size-default\">The EduWine project<\/h2>\t\t\t\t<\/div>\n\t\t\t\t<\/div>\n\t\t\t\t\t<\/div>\n\t\t<\/div>\n\t\t\t\t\t<\/div>\n\t\t<\/section>\n\t\t\t\t<section class=\"elementor-section elementor-top-section elementor-element elementor-element-adb2a22 elementor-section-boxed elementor-section-height-default elementor-section-height-default\" data-id=\"adb2a22\" data-element_type=\"section\">\n\t\t\t\t\t\t<div class=\"elementor-container elementor-column-gap-default\">\n\t\t\t\t\t<div class=\"elementor-column elementor-col-25 elementor-top-column elementor-element elementor-element-fd0d409\" data-id=\"fd0d409\" data-element_type=\"column\">\n\t\t\t<div class=\"elementor-widget-wrap\">\n\t\t\t\t\t\t\t<\/div>\n\t\t<\/div>\n\t\t\t\t<div class=\"elementor-column elementor-col-50 elementor-top-column elementor-element elementor-element-33f9f9a\" data-id=\"33f9f9a\" data-element_type=\"column\">\n\t\t\t<div class=\"elementor-widget-wrap elementor-element-populated\">\n\t\t\t\t\t\t<div class=\"elementor-element elementor-element-96eb0ea elementor-widget elementor-widget-image\" data-id=\"96eb0ea\" data-element_type=\"widget\" data-settings=\"{&quot;ekit_we_effect_on&quot;:&quot;none&quot;}\" data-widget_type=\"image.default\">\n\t\t\t\t<div class=\"elementor-widget-container\">\n\t\t\t\t\t\t\t\t\t\t\t\t\t\t\t<img fetchpriority=\"high\" decoding=\"async\" width=\"800\" height=\"208\" src=\"https:\/\/dkmtwine.com\/wp-content\/uploads\/2022\/04\/FaceBook-Banner@4x-100-\u2013-helyreallitva-\u2013-helyreallitva-scaled-1024x266.jpg\" class=\"attachment-large size-large wp-image-188\" alt=\"\" srcset=\"https:\/\/dkmtwine.com\/wp-content\/uploads\/2022\/04\/FaceBook-Banner@4x-100-\u2013-helyreallitva-\u2013-helyreallitva-scaled-1024x266.jpg 1024w, https:\/\/dkmtwine.com\/wp-content\/uploads\/2022\/04\/FaceBook-Banner@4x-100-\u2013-helyreallitva-\u2013-helyreallitva-scaled-300x78.jpg 300w, https:\/\/dkmtwine.com\/wp-content\/uploads\/2022\/04\/FaceBook-Banner@4x-100-\u2013-helyreallitva-\u2013-helyreallitva-scaled-768x200.jpg 768w, https:\/\/dkmtwine.com\/wp-content\/uploads\/2022\/04\/FaceBook-Banner@4x-100-\u2013-helyreallitva-\u2013-helyreallitva-scaled-1536x400.jpg 1536w, https:\/\/dkmtwine.com\/wp-content\/uploads\/2022\/04\/FaceBook-Banner@4x-100-\u2013-helyreallitva-\u2013-helyreallitva-scaled-2048x533.jpg 2048w\" sizes=\"(max-width: 800px) 100vw, 800px\" \/>\t\t\t\t\t\t\t\t\t\t\t\t\t\t\t<\/div>\n\t\t\t\t<\/div>\n\t\t\t\t<div class=\"elementor-element elementor-element-6d8839a elementor-widget elementor-widget-text-editor\" data-id=\"6d8839a\" data-element_type=\"widget\" data-settings=\"{&quot;ekit_we_effect_on&quot;:&quot;none&quot;}\" data-widget_type=\"text-editor.default\">\n\t\t\t\t<div class=\"elementor-widget-container\">\n\t\t\t\t\t\t\t\t\t<p>The \u201cEduWine\u201d project funded by the Interreg-IPA Hungary-Serbia Cross-Border Cooperation Program was launched in December 2020. The main goal of the project is to strengthen the economic and tourism bases of viticulture and viticulture in the Hungarian-Serbian border region - B\u00e1cs-Kiskun and Csongr\u00e1d-Csan\u00e1d counties, as well as in Vojvodina, and to support the market participation of the actors operating in the viticulture sector.<\/p><p>The project is carried out in partnership, the leading partner is the Educons University of Vojvodina (University Educons, Sremska Kamenica), as well as the vocational secondary school &quot;Borislav Mihajlovic - Mihiz&quot; (Srednja stru\u010dna \u0161kola &quot;Borislav Mihajlovi\u0107 Mihiz&quot;, Irig), as well as the entire Hungarian-Serbian border region DKMT Duna \u2013 K\u00f6r\u00f6s \u2013 Maros \u2013 Tisza Euroregional Development Agency Nonprofit K\u00f6zhhaszn\u00fa Kft.<\/p><p>During the implementation of the project so far, an English-language study entitled \u201cWine-growing areas\u201d was carried out, presenting 6 European wine-producing border regions where cross-border co-operation between wine-growing stakeholders is successful. We can get to know the oenological cooperation of the border wine-producing regions, the experience gained in the field of wine marketing and wine tourism, the good practices and ideas that can be adapted to the Hungarian-Serbian border region. The study also presents the Hungarian and Serbian wine regions from B\u00e1cs-Kiskun and Csongr\u00e1d-Csan\u00e1d counties and Vojvodina, and describes the typical grape varieties and wines.<\/p><p class=\"translation-block\">A dkmtwine.com The website and the related DKMTwine Facebook page promote both the project and the border wine regions. On the website you can read news and articles about the curiosities and current events of the Hungarian-Serbian wine region, and we also constantly offer programs worth visiting and getting to know the tourist and culinary treasures of the Hungarian-Serbian wine region!<\/p><p>At the moment, our border region does not have a functional sectoral and strategic planning and management concept in the field of viticulture and wine. In this respect, the project aims to develop an innovative strategic concept called \u201cWine Learning Strategy\u201d that explores the potential of the wine sector at destination level.<\/p><p>Among the cross-border grape and wine varieties, the project places special emphasis on the Kadarka grape and wine variety as a possible individual brand building option for the cross-border wine grape variety, in connection with the implementation of the project:<\/p><ul><li>In order to promote Kadarka as a grape and wine variety, the so-called \"Kadarka salons\" will be held in both Hungary and Serbia;<\/li><li>a curriculum on the cultivation of Kadarka and the production of Kadarka wine will be completed;<\/li><li>A 0,5-hectare Kadarka vineyard will be established in Szer\u00e9ms\u00e9g to teach viticulture.<\/li><\/ul><p>In addition, a scholarship program and a summer school for the winemakers of the future will allow them to get to know the grape and wine production in Hungary and Serbia on the spot and to take part in practical training.<\/p><p>The activities of the project will contribute to increasing the competitiveness and employment potential of individual producers, young professionals and SMEs, and to the development of the grape and wine sector in the Hungarian-Serbian border region through the development and adaptation of new technologies, processes, products and services.<\/p><p>About the current events of the project, the programs a<a href=\"https:\/\/dkmtwine.com\/en\"> <em>dkmtwine.com <\/em><\/a>website and DKMTwine <a href=\"https:\/\/www.facebook.com\/dkmtwine\/\">Facebook page reports regularly!<\/a><\/p>\t\t\t\t\t\t\t\t<\/div>\n\t\t\t\t<\/div>\n\t\t\t\t\t<\/div>\n\t\t<\/div>\n\t\t\t\t<div class=\"elementor-column elementor-col-25 elementor-top-column elementor-element elementor-element-65777bd\" data-id=\"65777bd\" data-element_type=\"column\">\n\t\t\t<div class=\"elementor-widget-wrap\">\n\t\t\t\t\t\t\t<\/div>\n\t\t<\/div>\n\t\t\t\t\t<\/div>\n\t\t<\/section>\n\t\t\t\t<section class=\"elementor-section elementor-top-section elementor-element elementor-element-883e3c5 elementor-section-boxed elementor-section-height-default elementor-section-height-default\" data-id=\"883e3c5\" data-element_type=\"section\">\n\t\t\t\t\t\t<div class=\"elementor-container elementor-column-gap-default\">\n\t\t\t\t\t<div class=\"elementor-column elementor-col-50 elementor-top-column elementor-element elementor-element-6f2845d\" data-id=\"6f2845d\" data-element_type=\"column\">\n\t\t\t<div class=\"elementor-widget-wrap elementor-element-populated\">\n\t\t\t\t\t\t<div class=\"elementor-element elementor-element-4c01ec1 elementor-widget elementor-widget-image\" data-id=\"4c01ec1\" data-element_type=\"widget\" data-settings=\"{&quot;ekit_we_effect_on&quot;:&quot;none&quot;}\" data-widget_type=\"image.default\">\n\t\t\t\t<div class=\"elementor-widget-container\">\n\t\t\t\t\t\t\t\t\t\t\t\t\t\t\t<img decoding=\"async\" width=\"800\" height=\"600\" src=\"https:\/\/dkmtwine.com\/wp-content\/uploads\/2022\/09\/leaflet-hun-scaled-1024x768.jpg\" class=\"attachment-large size-large wp-image-5672\" alt=\"\" srcset=\"https:\/\/dkmtwine.com\/wp-content\/uploads\/2022\/09\/leaflet-hun-scaled-1024x768.jpg 1024w, https:\/\/dkmtwine.com\/wp-content\/uploads\/2022\/09\/leaflet-hun-scaled-300x225.jpg 300w, https:\/\/dkmtwine.com\/wp-content\/uploads\/2022\/09\/leaflet-hun-scaled-768x576.jpg 768w, https:\/\/dkmtwine.com\/wp-content\/uploads\/2022\/09\/leaflet-hun-scaled-1536x1152.jpg 1536w, https:\/\/dkmtwine.com\/wp-content\/uploads\/2022\/09\/leaflet-hun-scaled-2048x1536.jpg 2048w\" sizes=\"(max-width: 800px) 100vw, 800px\" \/>\t\t\t\t\t\t\t\t\t\t\t\t\t\t\t<\/div>\n\t\t\t\t<\/div>\n\t\t\t\t\t<\/div>\n\t\t<\/div>\n\t\t\t\t<div class=\"elementor-column elementor-col-50 elementor-top-column elementor-element elementor-element-1047991\" data-id=\"1047991\" data-element_type=\"column\">\n\t\t\t<div class=\"elementor-widget-wrap elementor-element-populated\">\n\t\t\t\t\t\t<div class=\"elementor-element elementor-element-02fcf2d elementor-widget elementor-widget-image\" data-id=\"02fcf2d\" data-element_type=\"widget\" data-settings=\"{&quot;ekit_we_effect_on&quot;:&quot;none&quot;}\" data-widget_type=\"image.default\">\n\t\t\t\t<div class=\"elementor-widget-container\">\n\t\t\t\t\t\t\t\t\t\t\t\t\t\t\t<img decoding=\"async\" width=\"800\" height=\"600\" src=\"https:\/\/dkmtwine.com\/wp-content\/uploads\/2022\/09\/leaflet-srb-scaled-1024x768.jpg\" class=\"attachment-large size-large wp-image-5671\" alt=\"\" srcset=\"https:\/\/dkmtwine.com\/wp-content\/uploads\/2022\/09\/leaflet-srb-scaled-1024x768.jpg 1024w, https:\/\/dkmtwine.com\/wp-content\/uploads\/2022\/09\/leaflet-srb-scaled-300x225.jpg 300w, https:\/\/dkmtwine.com\/wp-content\/uploads\/2022\/09\/leaflet-srb-scaled-768x576.jpg 768w, https:\/\/dkmtwine.com\/wp-content\/uploads\/2022\/09\/leaflet-srb-scaled-1536x1152.jpg 1536w, https:\/\/dkmtwine.com\/wp-content\/uploads\/2022\/09\/leaflet-srb-scaled-2048x1536.jpg 2048w\" sizes=\"(max-width: 800px) 100vw, 800px\" \/>\t\t\t\t\t\t\t\t\t\t\t\t\t\t\t<\/div>\n\t\t\t\t<\/div>\n\t\t\t\t\t<\/div>\n\t\t<\/div>\n\t\t\t\t\t<\/div>\n\t\t<\/section>\n\t\t\t\t<section class=\"elementor-section elementor-top-section elementor-element elementor-element-e206631 elementor-section-boxed elementor-section-height-default elementor-section-height-default\" data-id=\"e206631\" data-element_type=\"section\">\n\t\t\t\t\t\t<div class=\"elementor-container elementor-column-gap-default\">\n\t\t\t\t\t<div class=\"elementor-column elementor-col-25 elementor-top-column elementor-element elementor-element-e5b26f5\" data-id=\"e5b26f5\" data-element_type=\"column\">\n\t\t\t<div class=\"elementor-widget-wrap\">\n\t\t\t\t\t\t\t<\/div>\n\t\t<\/div>\n\t\t\t\t<div class=\"elementor-column elementor-col-50 elementor-top-column elementor-element elementor-element-91a4355\" data-id=\"91a4355\" data-element_type=\"column\">\n\t\t\t<div class=\"elementor-widget-wrap elementor-element-populated\">\n\t\t\t\t\t\t<div class=\"elementor-element elementor-element-aef49eb elementor-widget elementor-widget-image\" data-id=\"aef49eb\" data-element_type=\"widget\" data-settings=\"{&quot;ekit_we_effect_on&quot;:&quot;none&quot;}\" data-widget_type=\"image.default\">\n\t\t\t\t<div class=\"elementor-widget-container\">\n\t\t\t\t\t\t\t\t\t\t\t\t\t\t\t\t<a href=\"https:\/\/www.dkmt.net\">\n\t\t\t\t\t\t\t<img loading=\"lazy\" decoding=\"async\" width=\"381\" height=\"381\" src=\"https:\/\/dkmtwine.com\/wp-content\/uploads\/2022\/05\/dkmt-w-m.jpg\" class=\"attachment-full size-full wp-image-2399\" alt=\"\" srcset=\"https:\/\/dkmtwine.com\/wp-content\/uploads\/2022\/05\/dkmt-w-m.jpg 381w, https:\/\/dkmtwine.com\/wp-content\/uploads\/2022\/05\/dkmt-w-m-300x300.jpg 300w, https:\/\/dkmtwine.com\/wp-content\/uploads\/2022\/05\/dkmt-w-m-150x150.jpg 150w, https:\/\/dkmtwine.com\/wp-content\/uploads\/2022\/05\/dkmt-w-m-60x60.jpg 60w\" sizes=\"(max-width: 381px) 100vw, 381px\" \/>\t\t\t\t\t\t\t\t<\/a>\n\t\t\t\t\t\t\t\t\t\t\t\t\t\t\t<\/div>\n\t\t\t\t<\/div>\n\t\t\t\t\t<\/div>\n\t\t<\/div>\n\t\t\t\t<div class=\"elementor-column elementor-col-25 elementor-top-column elementor-element elementor-element-3507b23\" data-id=\"3507b23\" data-element_type=\"column\">\n\t\t\t<div class=\"elementor-widget-wrap\">\n\t\t\t\t\t\t\t<\/div>\n\t\t<\/div>\n\t\t\t\t\t<\/div>\n\t\t<\/section>\n\t\t\t\t<\/div>","protected":false},"excerpt":{"rendered":"<p> [\u2026]<\/p>","protected":false},"author":1,"featured_media":0,"parent":0,"menu_order":0,"comment_status":"closed","ping_status":"closed","template":"elementor_header_footer","meta":{"footnotes":"","_links_to":"","_links_to_target":""},"class_list":["post-254","page","type-page","status-publish","hentry"],"yoast_head":"<!-- This site is optimized with the Yoast SEO Premium plugin v26.5 (Yoast SEO v26.6) - https:\/\/yoast.com\/wordpress\/plugins\/seo\/ -->\n<title>A projekt - DKMT Wine<\/title>\n<meta name=\"robots\" content=\"index, follow, max-snippet:-1, max-image-preview:large, max-video-preview:-1\" \/>\n<link rel=\"canonical\" href=\"https:\/\/dkmtwine.com\/en\/the-project\/\" \/>\n<meta property=\"og:locale\" content=\"en_US\" \/>\n<meta property=\"og:type\" content=\"article\" \/>\n<meta property=\"og:title\" content=\"A projekt\" \/>\n<meta property=\"og:description\" content=\"[&hellip;]\" \/>\n<meta property=\"og:url\" content=\"https:\/\/dkmtwine.com\/en\/the-project\/\" \/>\n<meta property=\"og:site_name\" content=\"DKMT Wine\" \/>\n<meta property=\"article:modified_time\" content=\"2022-09-30T20:17:05+00:00\" \/>\n<meta property=\"og:image\" content=\"https:\/\/dkmtwine.com\/wp-content\/uploads\/2022\/09\/leaflet-hun-1024x768.jpg\" \/>\n<meta name=\"twitter:card\" content=\"summary_large_image\" \/>\n<script type=\"application\/ld+json\" class=\"yoast-schema-graph\">{\"@context\":\"https:\/\/schema.org\",\"@graph\":[{\"@type\":\"WebPage\",\"@id\":\"https:\/\/dkmtwine.com\/a-projekt\/\",\"url\":\"https:\/\/dkmtwine.com\/a-projekt\/\",\"name\":\"A projekt - DKMT Wine\",\"isPartOf\":{\"@id\":\"https:\/\/dkmtwine.com\/#website\"},\"primaryImageOfPage\":{\"@id\":\"https:\/\/dkmtwine.com\/a-projekt\/#primaryimage\"},\"image\":{\"@id\":\"https:\/\/dkmtwine.com\/a-projekt\/#primaryimage\"},\"thumbnailUrl\":\"https:\/\/dkmtwine.com\/wp-content\/uploads\/2022\/09\/leaflet-hun-1024x768.jpg\",\"datePublished\":\"2022-04-30T20:01:14+00:00\",\"dateModified\":\"2022-09-30T20:17:05+00:00\",\"breadcrumb\":{\"@id\":\"https:\/\/dkmtwine.com\/a-projekt\/#breadcrumb\"},\"inLanguage\":\"en-US\",\"potentialAction\":[{\"@type\":\"ReadAction\",\"target\":[\"https:\/\/dkmtwine.com\/a-projekt\/\"]}]},{\"@type\":\"ImageObject\",\"inLanguage\":\"en-US\",\"@id\":\"https:\/\/dkmtwine.com\/a-projekt\/#primaryimage\",\"url\":\"https:\/\/dkmtwine.com\/wp-content\/uploads\/2022\/09\/leaflet-hun-1024x768.jpg\",\"contentUrl\":\"https:\/\/dkmtwine.com\/wp-content\/uploads\/2022\/09\/leaflet-hun-1024x768.jpg\"},{\"@type\":\"BreadcrumbList\",\"@id\":\"https:\/\/dkmtwine.com\/a-projekt\/#breadcrumb\",\"itemListElement\":[{\"@type\":\"ListItem\",\"position\":1,\"name\":\"Home\",\"item\":\"https:\/\/dkmtwine.com\/\"},{\"@type\":\"ListItem\",\"position\":2,\"name\":\"A projekt\"}]},{\"@type\":\"WebSite\",\"@id\":\"https:\/\/dkmtwine.com\/#website\",\"url\":\"https:\/\/dkmtwine.com\/\",\"name\":\"DKMT Wine\",\"description\":\"DKMT Wine\",\"publisher\":{\"@id\":\"https:\/\/dkmtwine.com\/#organization\"},\"potentialAction\":[{\"@type\":\"SearchAction\",\"target\":{\"@type\":\"EntryPoint\",\"urlTemplate\":\"https:\/\/dkmtwine.com\/?s={search_term_string}\"},\"query-input\":{\"@type\":\"PropertyValueSpecification\",\"valueRequired\":true,\"valueName\":\"search_term_string\"}}],\"inLanguage\":\"en-US\"},{\"@type\":\"Organization\",\"@id\":\"https:\/\/dkmtwine.com\/#organization\",\"name\":\"DKMT Wine\",\"url\":\"https:\/\/dkmtwine.com\/\",\"logo\":{\"@type\":\"ImageObject\",\"inLanguage\":\"en-US\",\"@id\":\"https:\/\/dkmtwine.com\/#\/schema\/logo\/image\/\",\"url\":\"https:\/\/dkmtwine.com\/wp-content\/uploads\/2022\/05\/admin-ajax.php_.jpg\",\"contentUrl\":\"https:\/\/dkmtwine.com\/wp-content\/uploads\/2022\/05\/admin-ajax.php_.jpg\",\"width\":400,\"height\":243,\"caption\":\"DKMT Wine\"},\"image\":{\"@id\":\"https:\/\/dkmtwine.com\/#\/schema\/logo\/image\/\"}}]}<\/script>\n<!-- \/ Yoast SEO Premium plugin. -->","yoast_head_json":{"title":"The project - DKMT Wine","robots":{"index":"index","follow":"follow","max-snippet":"max-snippet:-1","max-image-preview":"max-image-preview:large","max-video-preview":"max-video-preview:-1"},"canonical":"https:\/\/dkmtwine.com\/en\/the-project\/","og_locale":"en_US","og_type":"article","og_title":"A projekt","og_description":"[&hellip;]","og_url":"https:\/\/dkmtwine.com\/en\/the-project\/","og_site_name":"DKMT Wine","article_modified_time":"2022-09-30T20:17:05+00:00","og_image":[{"url":"https:\/\/dkmtwine.com\/wp-content\/uploads\/2022\/09\/leaflet-hun-1024x768.jpg","type":"","width":"","height":""}],"twitter_card":"summary_large_image","schema":{"@context":"https:\/\/schema.org","@graph":[{"@type":"WebPage","@id":"https:\/\/dkmtwine.com\/a-projekt\/","url":"https:\/\/dkmtwine.com\/a-projekt\/","name":"The project - DKMT Wine","isPartOf":{"@id":"https:\/\/dkmtwine.com\/#website"},"primaryImageOfPage":{"@id":"https:\/\/dkmtwine.com\/a-projekt\/#primaryimage"},"image":{"@id":"https:\/\/dkmtwine.com\/a-projekt\/#primaryimage"},"thumbnailUrl":"https:\/\/dkmtwine.com\/wp-content\/uploads\/2022\/09\/leaflet-hun-1024x768.jpg","datePublished":"2022-04-30T20:01:14+00:00","dateModified":"2022-09-30T20:17:05+00:00","breadcrumb":{"@id":"https:\/\/dkmtwine.com\/a-projekt\/#breadcrumb"},"inLanguage":"en-US","potentialAction":[{"@type":"ReadAction","target":["https:\/\/dkmtwine.com\/a-projekt\/"]}]},{"@type":"ImageObject","inLanguage":"en-US","@id":"https:\/\/dkmtwine.com\/a-projekt\/#primaryimage","url":"https:\/\/dkmtwine.com\/wp-content\/uploads\/2022\/09\/leaflet-hun-1024x768.jpg","contentUrl":"https:\/\/dkmtwine.com\/wp-content\/uploads\/2022\/09\/leaflet-hun-1024x768.jpg"},{"@type":"BreadcrumbList","@id":"https:\/\/dkmtwine.com\/a-projekt\/#breadcrumb","itemListElement":[{"@type":"ListItem","position":1,"name":"Home","item":"https:\/\/dkmtwine.com\/"},{"@type":"ListItem","position":2,"name":"A projekt"}]},{"@type":"WebSite","@id":"https:\/\/dkmtwine.com\/#website","url":"https:\/\/dkmtwine.com\/","name":"DKMT Wine","description":"DKMT Wine","publisher":{"@id":"https:\/\/dkmtwine.com\/#organization"},"potentialAction":[{"@type":"SearchAction","target":{"@type":"EntryPoint","urlTemplate":"https:\/\/dkmtwine.com\/?s={search_term_string}"},"query-input":{"@type":"PropertyValueSpecification","valueRequired":true,"valueName":"search_term_string"}}],"inLanguage":"en-US"},{"@type":"Organization","@id":"https:\/\/dkmtwine.com\/#organization","name":"DKMT Wine","url":"https:\/\/dkmtwine.com\/","logo":{"@type":"ImageObject","inLanguage":"en-US","@id":"https:\/\/dkmtwine.com\/#\/schema\/logo\/image\/","url":"https:\/\/dkmtwine.com\/wp-content\/uploads\/2022\/05\/admin-ajax.php_.jpg","contentUrl":"https:\/\/dkmtwine.com\/wp-content\/uploads\/2022\/05\/admin-ajax.php_.jpg","width":400,"height":243,"caption":"DKMT Wine"},"image":{"@id":"https:\/\/dkmtwine.com\/#\/schema\/logo\/image\/"}}]}},"_links":{"self":[{"href":"https:\/\/dkmtwine.com\/en\/wp-json\/wp\/v2\/pages\/254","targetHints":{"allow":["GET"]}}],"collection":[{"href":"https:\/\/dkmtwine.com\/en\/wp-json\/wp\/v2\/pages"}],"about":[{"href":"https:\/\/dkmtwine.com\/en\/wp-json\/wp\/v2\/types\/page"}],"author":[{"embeddable":true,"href":"https:\/\/dkmtwine.com\/en\/wp-json\/wp\/v2\/users\/1"}],"replies":[{"embeddable":true,"href":"https:\/\/dkmtwine.com\/en\/wp-json\/wp\/v2\/comments?post=254"}],"version-history":[{"count":0,"href":"https:\/\/dkmtwine.com\/en\/wp-json\/wp\/v2\/pages\/254\/revisions"}],"wp:attachment":[{"href":"https:\/\/dkmtwine.com\/en\/wp-json\/wp\/v2\/media?parent=254"}],"curies":[{"name":"wp","href":"https:\/\/api.w.org\/{rel}","templated":true}]}}